{"id":10924,"date":"2019-04-15T12:22:16","date_gmt":"2019-04-15T11:22:16","guid":{"rendered":"https:\/\/www.sailingexperiencebcn.com\/boote-fur-gruppen-von-mehr-als-28-personen\/"},"modified":"2019-04-24T15:16:45","modified_gmt":"2019-04-24T13:16:45","slug":"boote-fur-gruppen-von-mehr-als-28-personen","status":"publish","type":"page","link":"https:\/\/www.sailingexperiencebcn.com\/de\/boote-fur-gruppen-von-mehr-als-28-personen\/","title":{"rendered":"Boote f\u00fcr Gruppen von mehr als 28 Personen"},"content":{"rendered":"\n<style type=\"text\/css\" data-created_by=\"avia_inline_auto\" id=\"style-css-av-av_heading-6ab7c7225c69e6ce72ff89db486034e4\">\n#top .av-special-heading.av-av_heading-6ab7c7225c69e6ce72ff89db486034e4{\npadding-bottom:10px;\n}\nbody .av-special-heading.av-av_heading-6ab7c7225c69e6ce72ff89db486034e4 .av-special-heading-tag .heading-char{\nfont-size:25px;\n}\n.av-special-heading.av-av_heading-6ab7c7225c69e6ce72ff89db486034e4 .av-subheading{\nfont-size:15px;\n}\n<\/style>\n<div  class='av-special-heading av-av_heading-6ab7c7225c69e6ce72ff89db486034e4 av-special-heading-h1 blockquote modern-quote modern-centered  avia-builder-el-0  el_before_av_one_full  avia-builder-el-first '><h1 class='av-special-heading-tag'  itemprop=\"headline\"  >Gruppen <span class='special_amp'>&amp;<\/span> Mehr als 28 Menschen<\/h1><div class='av-subheading av-subheading_below'><p>Buchen Sie diese Boote bei uns<\/p>\n<\/div><div class=\"special-heading-border\"><div class=\"special-heading-inner-border\"><\/div><\/div><\/div>\n\n<style type=\"text\/css\" data-created_by=\"avia_inline_auto\" id=\"style-css-av-av_one_full-6126cab7d8fab8d08143dd2dacdf673c\">\n.flex_column.av-av_one_full-6126cab7d8fab8d08143dd2dacdf673c{\n-webkit-border-radius:0px 0px 0px 0px;\n-moz-border-radius:0px 0px 0px 0px;\nborder-radius:0px 0px 0px 0px;\npadding:0px 0px 0px 0px;\n}\n<\/style>\n<div class='flex_column av-av_one_full-6126cab7d8fab8d08143dd2dacdf673c av_one_full  avia-builder-el-1  el_after_av_heading  el_before_av_one_third  first flex_column_div av-zero-column-padding '     ><section  class='av_textblock_section av-av_textblock-396ddf1f42196ca838231e61a4602801'  itemscope=\"itemscope\" itemtype=\"https:\/\/schema.org\/CreativeWork\" ><div class='avia_textblock'  itemprop=\"text\" ><p style=\"text-align: justify;\">F\u00fcr Gruppen unter 12 Personen k\u00f6nnen Sie eines unserer Segelboote w\u00e4hlen. F\u00fcr Gruppen von 12 bis 28 Personen w\u00e4hlen Sie bitte einen Katamaran, und f\u00fcr gr\u00f6\u00dfere Gruppen w\u00e4hlen Sie eines der Boote unter denen gro\u00dfe Boote vorhanden sind.<\/p>\n<p>W\u00e4hlen Sie das Boot, nach dem Sie suchen, anhand der Anzahl der Passagiere aus. F\u00fcr weitere Informationen und Buchungen kontaktieren Sie uns per E-Mail: info@sailingexperiencebcn.com oder senden Sie uns eine WhatsApp \u00fcber: +34 722 64 51 72.<\/p>\n<\/div><\/section><\/div>\n<style type=\"text\/css\" data-created_by=\"avia_inline_auto\" id=\"style-css-av-av_one_third-6126cab7d8fab8d08143dd2dacdf673c\">\n.flex_column.av-av_one_third-6126cab7d8fab8d08143dd2dacdf673c{\n-webkit-border-radius:0px 0px 0px 0px;\n-moz-border-radius:0px 0px 0px 0px;\nborder-radius:0px 0px 0px 0px;\npadding:0px 0px 0px 0px;\n}\n<\/style>\n<div class='flex_column av-av_one_third-6126cab7d8fab8d08143dd2dacdf673c av_one_third  avia-builder-el-3  el_after_av_one_full  el_before_av_one_third  first flex_column_div av-zero-column-padding column-top-margin'     ><style type=\"text\/css\" data-created_by=\"avia_inline_auto\" id=\"style-css-av-av_image-d9d579b42a33d23ef5a251b90f4a92c0\">\n.avia-image-container.av-av_image-d9d579b42a33d23ef5a251b90f4a92c0 img.avia_image{\nbox-shadow:none;\n}\n.avia-image-container.av-av_image-d9d579b42a33d23ef5a251b90f4a92c0 .av-image-caption-overlay-center{\ncolor:#ffffff;\n}\n<\/style>\n<div  class='avia-image-container av-av_image-d9d579b42a33d23ef5a251b90f4a92c0 av-styling- av-hover-grow avia-align-center  avia-builder-el-4  avia-builder-el-no-sibling '   itemprop=\"image\" itemscope=\"itemscope\" itemtype=\"https:\/\/schema.org\/ImageObject\" ><div class=\"avia-image-container-inner\"><div class=\"avia-image-overlay-wrap\"><a href=\"https:\/\/www.sailingexperiencebcn.com\/wp-content\/uploads\/2018\/03\/sailingyacht-1030x728.jpg\" data-srcset=\"https:\/\/www.sailingexperiencebcn.com\/wp-content\/uploads\/2018\/03\/sailingyacht-1030x728.jpg 1030w, https:\/\/www.sailingexperiencebcn.com\/wp-content\/uploads\/2018\/03\/sailingyacht-300x212.jpg 300w, https:\/\/www.sailingexperiencebcn.com\/wp-content\/uploads\/2018\/03\/sailingyacht-768x543.jpg 768w, https:\/\/www.sailingexperiencebcn.com\/wp-content\/uploads\/2018\/03\/sailingyacht-1500x1060.jpg 1500w, https:\/\/www.sailingexperiencebcn.com\/wp-content\/uploads\/2018\/03\/sailingyacht-260x185.jpg 260w, https:\/\/www.sailingexperiencebcn.com\/wp-content\/uploads\/2018\/03\/sailingyacht-705x498.jpg 705w, https:\/\/www.sailingexperiencebcn.com\/wp-content\/uploads\/2018\/03\/sailingyacht-450x318.jpg 450w\" data-sizes=\"(max-width: 1030px) 100vw, 1030px\" class='avia_image' ><img decoding=\"async\" class='wp-image-10943 avia-img-lazy-loading-not-10943 avia_image ' src=\"https:\/\/www.sailingexperiencebcn.com\/wp-content\/uploads\/2018\/03\/sailingyacht.jpg\" alt='' title='sailingyacht'  height=\"2480\" width=\"3508\"  itemprop=\"thumbnailUrl\" srcset=\"https:\/\/www.sailingexperiencebcn.com\/wp-content\/uploads\/2018\/03\/sailingyacht.jpg 3508w, https:\/\/www.sailingexperiencebcn.com\/wp-content\/uploads\/2018\/03\/sailingyacht-300x212.jpg 300w, https:\/\/www.sailingexperiencebcn.com\/wp-content\/uploads\/2018\/03\/sailingyacht-768x543.jpg 768w, https:\/\/www.sailingexperiencebcn.com\/wp-content\/uploads\/2018\/03\/sailingyacht-1030x728.jpg 1030w, https:\/\/www.sailingexperiencebcn.com\/wp-content\/uploads\/2018\/03\/sailingyacht-1500x1060.jpg 1500w, https:\/\/www.sailingexperiencebcn.com\/wp-content\/uploads\/2018\/03\/sailingyacht-260x185.jpg 260w, https:\/\/www.sailingexperiencebcn.com\/wp-content\/uploads\/2018\/03\/sailingyacht-705x498.jpg 705w, https:\/\/www.sailingexperiencebcn.com\/wp-content\/uploads\/2018\/03\/sailingyacht-450x318.jpg 450w\" sizes=\"(max-width: 3508px) 100vw, 3508px\" \/><\/a><\/div><\/div><\/div><\/div>\n\n<style type=\"text\/css\" data-created_by=\"avia_inline_auto\" id=\"style-css-av-av_one_third-0aa7055fe62c3622faec82866afbaeb2\">\n.flex_column.av-av_one_third-0aa7055fe62c3622faec82866afbaeb2{\n-webkit-border-radius:0px 0px 0px 0px;\n-moz-border-radius:0px 0px 0px 0px;\nborder-radius:0px 0px 0px 0px;\npadding:0px 0px 0px 0px;\n}\n<\/style>\n<div class='flex_column av-av_one_third-0aa7055fe62c3622faec82866afbaeb2 av_one_third  avia-builder-el-5  el_after_av_one_third  el_before_av_one_third  flex_column_div av-zero-column-padding column-top-margin'     ><style type=\"text\/css\" data-created_by=\"avia_inline_auto\" id=\"style-css-av-av_image-cbb39f9ea39d0a44f63d7f4c57473c66\">\n.avia-image-container.av-av_image-cbb39f9ea39d0a44f63d7f4c57473c66 img.avia_image{\nbox-shadow:none;\n}\n.avia-image-container.av-av_image-cbb39f9ea39d0a44f63d7f4c57473c66 .av-image-caption-overlay-center{\ncolor:#ffffff;\n}\n<\/style>\n<div  class='avia-image-container av-av_image-cbb39f9ea39d0a44f63d7f4c57473c66 av-styling- av-hover-grow avia-align-center  avia-builder-el-6  avia-builder-el-no-sibling '   itemprop=\"image\" itemscope=\"itemscope\" itemtype=\"https:\/\/schema.org\/ImageObject\" ><div class=\"avia-image-container-inner\"><div class=\"avia-image-overlay-wrap\"><a href=\"https:\/\/www.sailingexperiencebcn.com\/wp-content\/uploads\/2018\/03\/shooner-1030x728.jpg\" data-srcset=\"https:\/\/www.sailingexperiencebcn.com\/wp-content\/uploads\/2018\/03\/shooner-1030x728.jpg 1030w, https:\/\/www.sailingexperiencebcn.com\/wp-content\/uploads\/2018\/03\/shooner-300x212.jpg 300w, https:\/\/www.sailingexperiencebcn.com\/wp-content\/uploads\/2018\/03\/shooner-768x543.jpg 768w, https:\/\/www.sailingexperiencebcn.com\/wp-content\/uploads\/2018\/03\/shooner-1500x1060.jpg 1500w, https:\/\/www.sailingexperiencebcn.com\/wp-content\/uploads\/2018\/03\/shooner-260x185.jpg 260w, https:\/\/www.sailingexperiencebcn.com\/wp-content\/uploads\/2018\/03\/shooner-705x498.jpg 705w, https:\/\/www.sailingexperiencebcn.com\/wp-content\/uploads\/2018\/03\/shooner-450x318.jpg 450w\" data-sizes=\"(max-width: 1030px) 100vw, 1030px\" class='avia_image' ><img decoding=\"async\" class='wp-image-10944 avia-img-lazy-loading-not-10944 avia_image ' src=\"https:\/\/www.sailingexperiencebcn.com\/wp-content\/uploads\/2018\/03\/shooner.jpg\" alt='' title='shooner'  height=\"2480\" width=\"3508\"  itemprop=\"thumbnailUrl\" srcset=\"https:\/\/www.sailingexperiencebcn.com\/wp-content\/uploads\/2018\/03\/shooner.jpg 3508w, https:\/\/www.sailingexperiencebcn.com\/wp-content\/uploads\/2018\/03\/shooner-300x212.jpg 300w, https:\/\/www.sailingexperiencebcn.com\/wp-content\/uploads\/2018\/03\/shooner-768x543.jpg 768w, https:\/\/www.sailingexperiencebcn.com\/wp-content\/uploads\/2018\/03\/shooner-1030x728.jpg 1030w, https:\/\/www.sailingexperiencebcn.com\/wp-content\/uploads\/2018\/03\/shooner-1500x1060.jpg 1500w, https:\/\/www.sailingexperiencebcn.com\/wp-content\/uploads\/2018\/03\/shooner-260x185.jpg 260w, https:\/\/www.sailingexperiencebcn.com\/wp-content\/uploads\/2018\/03\/shooner-705x498.jpg 705w, https:\/\/www.sailingexperiencebcn.com\/wp-content\/uploads\/2018\/03\/shooner-450x318.jpg 450w\" sizes=\"(max-width: 3508px) 100vw, 3508px\" \/><\/a><\/div><\/div><\/div><\/div>\n\n<style type=\"text\/css\" data-created_by=\"avia_inline_auto\" id=\"style-css-av-av_one_third-0aa7055fe62c3622faec82866afbaeb2\">\n.flex_column.av-av_one_third-0aa7055fe62c3622faec82866afbaeb2{\n-webkit-border-radius:0px 0px 0px 0px;\n-moz-border-radius:0px 0px 0px 0px;\nborder-radius:0px 0px 0px 0px;\npadding:0px 0px 0px 0px;\n}\n<\/style>\n<div class='flex_column av-av_one_third-0aa7055fe62c3622faec82866afbaeb2 av_one_third  avia-builder-el-7  el_after_av_one_third  el_before_av_hr  flex_column_div av-zero-column-padding column-top-margin'     ><style type=\"text\/css\" data-created_by=\"avia_inline_auto\" id=\"style-css-av-av_image-52173185c7ec989a3717904e82ccb596\">\n.avia-image-container.av-av_image-52173185c7ec989a3717904e82ccb596 img.avia_image{\nbox-shadow:none;\n}\n.avia-image-container.av-av_image-52173185c7ec989a3717904e82ccb596 .av-image-caption-overlay-center{\ncolor:#ffffff;\n}\n<\/style>\n<div  class='avia-image-container av-av_image-52173185c7ec989a3717904e82ccb596 av-styling- av-hover-grow avia-align-center  avia-builder-el-8  avia-builder-el-no-sibling '   itemprop=\"image\" itemscope=\"itemscope\" itemtype=\"https:\/\/schema.org\/ImageObject\" ><div class=\"avia-image-container-inner\"><div class=\"avia-image-overlay-wrap\"><a href=\"https:\/\/www.sailingexperiencebcn.com\/wp-content\/uploads\/2018\/03\/catamaran95-1030x728.jpg\" data-srcset=\"https:\/\/www.sailingexperiencebcn.com\/wp-content\/uploads\/2018\/03\/catamaran95-1030x728.jpg 1030w, https:\/\/www.sailingexperiencebcn.com\/wp-content\/uploads\/2018\/03\/catamaran95-300x212.jpg 300w, https:\/\/www.sailingexperiencebcn.com\/wp-content\/uploads\/2018\/03\/catamaran95-768x543.jpg 768w, https:\/\/www.sailingexperiencebcn.com\/wp-content\/uploads\/2018\/03\/catamaran95-1500x1060.jpg 1500w, https:\/\/www.sailingexperiencebcn.com\/wp-content\/uploads\/2018\/03\/catamaran95-260x185.jpg 260w, https:\/\/www.sailingexperiencebcn.com\/wp-content\/uploads\/2018\/03\/catamaran95-705x498.jpg 705w, https:\/\/www.sailingexperiencebcn.com\/wp-content\/uploads\/2018\/03\/catamaran95-450x318.jpg 450w\" data-sizes=\"(max-width: 1030px) 100vw, 1030px\" class='avia_image' ><img decoding=\"async\" class='wp-image-10945 avia-img-lazy-loading-not-10945 avia_image ' src=\"https:\/\/www.sailingexperiencebcn.com\/wp-content\/uploads\/2018\/03\/catamaran95.jpg\" alt='' title='catamaran95'  height=\"2480\" width=\"3508\"  itemprop=\"thumbnailUrl\" srcset=\"https:\/\/www.sailingexperiencebcn.com\/wp-content\/uploads\/2018\/03\/catamaran95.jpg 3508w, https:\/\/www.sailingexperiencebcn.com\/wp-content\/uploads\/2018\/03\/catamaran95-300x212.jpg 300w, https:\/\/www.sailingexperiencebcn.com\/wp-content\/uploads\/2018\/03\/catamaran95-768x543.jpg 768w, https:\/\/www.sailingexperiencebcn.com\/wp-content\/uploads\/2018\/03\/catamaran95-1030x728.jpg 1030w, https:\/\/www.sailingexperiencebcn.com\/wp-content\/uploads\/2018\/03\/catamaran95-1500x1060.jpg 1500w, https:\/\/www.sailingexperiencebcn.com\/wp-content\/uploads\/2018\/03\/catamaran95-260x185.jpg 260w, https:\/\/www.sailingexperiencebcn.com\/wp-content\/uploads\/2018\/03\/catamaran95-705x498.jpg 705w, https:\/\/www.sailingexperiencebcn.com\/wp-content\/uploads\/2018\/03\/catamaran95-450x318.jpg 450w\" sizes=\"(max-width: 3508px) 100vw, 3508px\" \/><\/a><\/div><\/div><\/div><\/div>\n<div  class='hr av-av_hr-dcd2069817a0e3d34ae04cad8f3443c7 hr-default  avia-builder-el-9  el_after_av_one_third  el_before_av_one_fourth '><span class='hr-inner '><span class=\"hr-inner-style\"><\/span><\/span><\/div>\n\n<style type=\"text\/css\" data-created_by=\"avia_inline_auto\" id=\"style-css-av-av_one_fourth-6126cab7d8fab8d08143dd2dacdf673c\">\n.flex_column.av-av_one_fourth-6126cab7d8fab8d08143dd2dacdf673c{\n-webkit-border-radius:0px 0px 0px 0px;\n-moz-border-radius:0px 0px 0px 0px;\nborder-radius:0px 0px 0px 0px;\npadding:0px 0px 0px 0px;\n}\n<\/style>\n<div class='flex_column av-av_one_fourth-6126cab7d8fab8d08143dd2dacdf673c av_one_fourth  avia-builder-el-10  el_after_av_hr  el_before_av_one_half  first flex_column_div av-zero-column-padding '     ><\/div>\n\n<style type=\"text\/css\" data-created_by=\"avia_inline_auto\" id=\"style-css-av-av_one_half-0aa7055fe62c3622faec82866afbaeb2\">\n.flex_column.av-av_one_half-0aa7055fe62c3622faec82866afbaeb2{\n-webkit-border-radius:0px 0px 0px 0px;\n-moz-border-radius:0px 0px 0px 0px;\nborder-radius:0px 0px 0px 0px;\npadding:0px 0px 0px 0px;\n}\n<\/style>\n<div class='flex_column av-av_one_half-0aa7055fe62c3622faec82866afbaeb2 av_one_half  avia-builder-el-11  el_after_av_one_fourth  el_before_av_one_fourth  flex_column_div av-zero-column-padding '     ><form action=\"https:\/\/www.sailingexperiencebcn.com\/de\/boote-fur-gruppen-von-mehr-als-28-personen\/\" method=\"post\"  class=\"avia_ajax_form av-form-labels-visible   avia-builder-el-12  avia-builder-el-no-sibling  av-centered-form   \" data-avia-form-id=\"1\" data-avia-redirect='' ><h3 class=''>Kontaktieren Sie uns f\u00fcr weitere Informationen oder zur Buchung.<\/h3><fieldset><p class='  first_form  form_element form_fullwidth' id='element_avia_1_1'><label for=\"avia_1_1\">Name <abbr class=\"required\" title=\"ben\u00f6tigt\">*<\/abbr><\/label> <input name=\"avia_1_1\" class=\"text_input is_empty\" type=\"text\" id=\"avia_1_1\" value=\"\" \/><\/p><p class='  first_form  form_element form_fullwidth' id='element_avia_2_1'><label for=\"avia_2_1\">E-Mail <abbr class=\"required\" title=\"ben\u00f6tigt\">*<\/abbr><\/label> <input name=\"avia_2_1\" class=\"text_input is_email\" type=\"text\" id=\"avia_2_1\" value=\"\" \/><\/p><p class='  first_form  form_element form_fullwidth' id='element_avia_3_1'><label for=\"avia_3_1\">Gegenstand <abbr class=\"required\" title=\"ben\u00f6tigt\">*<\/abbr><\/label> <input name=\"avia_3_1\" class=\"text_input is_empty\" type=\"text\" id=\"avia_3_1\" value=\"\" \/><\/p><p class='  first_form  form_element form_fullwidth av-last-visible-form-element' id='element_avia_4_1'><label for=\"avia_4_1\" class=\"textare_label hidden textare_label_avia_4_1\">Nachricht (Wenn Sie buchen m\u00f6chten, geben Sie bitte Zeit, Datum und Anzahl der Personen an.) <abbr class=\"required\" title=\"ben\u00f6tigt\">*<\/abbr><\/label><textarea  name=\"avia_4_1\" class=\"text_area is_empty\" cols=\"40\" rows=\"7\" id=\"avia_4_1\" ><\/textarea><\/p><p class=\"hidden\"><input type=\"text\" name=\"avia_5_1\" class=\"hidden \" id=\"avia_5_1\" value=\"\" \/><\/p><p class=\"form_element \"><input type=\"hidden\" value=\"1\" name=\"avia_generated_form1\" \/><input type=\"submit\" value=\"Einreichen\" class=\"button\"  data-sending-label=\"Sende\"\/><\/p><\/fieldset><\/form><div id=\"ajaxresponse_1\" class=\"ajaxresponse ajaxresponse_1 hidden\"><\/div><\/div>\n\n<style type=\"text\/css\" data-created_by=\"avia_inline_auto\" id=\"style-css-av-av_one_fourth-0aa7055fe62c3622faec82866afbaeb2\">\n.flex_column.av-av_one_fourth-0aa7055fe62c3622faec82866afbaeb2{\n-webkit-border-radius:0px 0px 0px 0px;\n-moz-border-radius:0px 0px 0px 0px;\nborder-radius:0px 0px 0px 0px;\npadding:0px 0px 0px 0px;\n}\n<\/style>\n<div class='flex_column av-av_one_fourth-0aa7055fe62c3622faec82866afbaeb2 av_one_fourth  avia-builder-el-13  el_after_av_one_half  avia-builder-el-last  flex_column_div av-zero-column-padding '     ><\/div>\n","protected":false},"excerpt":{"rendered":"","protected":false},"author":1,"featured_media":0,"parent":0,"menu_order":0,"comment_status":"closed","ping_status":"closed","template":"","meta":{"_acf_changed":false,"content-type":"","footnotes":""},"acf":[],"yoast_head":"<!-- This site is optimized with the Yoast SEO plugin v22.3 - https:\/\/yoast.com\/wordpress\/plugins\/seo\/ -->\n<title>Boote f\u00fcr Gruppen von mehr als 28 Personen - Sailing Experience Bcn<\/title>\n<meta name=\"robots\" content=\"index, follow, max-snippet:-1, max-image-preview:large, max-video-preview:-1\" \/>\n<link rel=\"canonical\" href=\"https:\/\/www.sailingexperiencebcn.com\/de\/boote-fur-gruppen-von-mehr-als-28-personen\/\" \/>\n<meta property=\"og:locale\" content=\"de_DE\" \/>\n<meta property=\"og:type\" content=\"article\" \/>\n<meta property=\"og:title\" content=\"Boote f\u00fcr Gruppen von mehr als 28 Personen - Sailing Experience Bcn\" \/>\n<meta property=\"og:url\" content=\"https:\/\/www.sailingexperiencebcn.com\/de\/boote-fur-gruppen-von-mehr-als-28-personen\/\" \/>\n<meta property=\"og:site_name\" content=\"Sailing Experience Bcn\" \/>\n<meta property=\"article:publisher\" content=\"https:\/\/www.facebook.com\/pages\/Sailing-Experience-Barcelona\/1578953542316555\" \/>\n<meta property=\"article:modified_time\" content=\"2019-04-24T13:16:45+00:00\" \/>\n<meta name=\"twitter:card\" content=\"summary_large_image\" \/>\n<meta name=\"twitter:label1\" content=\"Gesch\u00e4tzte Lesezeit\" \/>\n\t<meta name=\"twitter:data1\" content=\"4\u00a0Minuten\" \/>\n<script type=\"application\/ld+json\" class=\"yoast-schema-graph\">{\"@context\":\"https:\/\/schema.org\",\"@graph\":[{\"@type\":\"WebPage\",\"@id\":\"https:\/\/www.sailingexperiencebcn.com\/de\/boote-fur-gruppen-von-mehr-als-28-personen\/\",\"url\":\"https:\/\/www.sailingexperiencebcn.com\/de\/boote-fur-gruppen-von-mehr-als-28-personen\/\",\"name\":\"Boote f\u00fcr Gruppen von mehr als 28 Personen - Sailing Experience Bcn\",\"isPartOf\":{\"@id\":\"https:\/\/www.sailingexperiencebcn.com\/#website\"},\"datePublished\":\"2019-04-15T11:22:16+00:00\",\"dateModified\":\"2019-04-24T13:16:45+00:00\",\"inLanguage\":\"de\",\"potentialAction\":[{\"@type\":\"ReadAction\",\"target\":[\"https:\/\/www.sailingexperiencebcn.com\/de\/boote-fur-gruppen-von-mehr-als-28-personen\/\"]}]},{\"@type\":\"WebSite\",\"@id\":\"https:\/\/www.sailingexperiencebcn.com\/#website\",\"url\":\"https:\/\/www.sailingexperiencebcn.com\/\",\"name\":\"Sailing Experience Bcn\",\"description\":\"The Authentic Mediterranean Way of Life!\",\"potentialAction\":[{\"@type\":\"SearchAction\",\"target\":{\"@type\":\"EntryPoint\",\"urlTemplate\":\"https:\/\/www.sailingexperiencebcn.com\/?s={search_term_string}\"},\"query-input\":\"required name=search_term_string\"}],\"inLanguage\":\"de\"}]}<\/script>\n<!-- \/ Yoast SEO plugin. -->","yoast_head_json":{"title":"Boote f\u00fcr Gruppen von mehr als 28 Personen - Sailing Experience Bcn","robots":{"index":"index","follow":"follow","max-snippet":"max-snippet:-1","max-image-preview":"max-image-preview:large","max-video-preview":"max-video-preview:-1"},"canonical":"https:\/\/www.sailingexperiencebcn.com\/de\/boote-fur-gruppen-von-mehr-als-28-personen\/","og_locale":"de_DE","og_type":"article","og_title":"Boote f\u00fcr Gruppen von mehr als 28 Personen - Sailing Experience Bcn","og_url":"https:\/\/www.sailingexperiencebcn.com\/de\/boote-fur-gruppen-von-mehr-als-28-personen\/","og_site_name":"Sailing Experience Bcn","article_publisher":"https:\/\/www.facebook.com\/pages\/Sailing-Experience-Barcelona\/1578953542316555","article_modified_time":"2019-04-24T13:16:45+00:00","twitter_card":"summary_large_image","twitter_misc":{"Gesch\u00e4tzte Lesezeit":"4\u00a0Minuten"},"schema":{"@context":"https:\/\/schema.org","@graph":[{"@type":"WebPage","@id":"https:\/\/www.sailingexperiencebcn.com\/de\/boote-fur-gruppen-von-mehr-als-28-personen\/","url":"https:\/\/www.sailingexperiencebcn.com\/de\/boote-fur-gruppen-von-mehr-als-28-personen\/","name":"Boote f\u00fcr Gruppen von mehr als 28 Personen - Sailing Experience Bcn","isPartOf":{"@id":"https:\/\/www.sailingexperiencebcn.com\/#website"},"datePublished":"2019-04-15T11:22:16+00:00","dateModified":"2019-04-24T13:16:45+00:00","inLanguage":"de","potentialAction":[{"@type":"ReadAction","target":["https:\/\/www.sailingexperiencebcn.com\/de\/boote-fur-gruppen-von-mehr-als-28-personen\/"]}]},{"@type":"WebSite","@id":"https:\/\/www.sailingexperiencebcn.com\/#website","url":"https:\/\/www.sailingexperiencebcn.com\/","name":"Sailing Experience Bcn","description":"The Authentic Mediterranean Way of Life!","potentialAction":[{"@type":"SearchAction","target":{"@type":"EntryPoint","urlTemplate":"https:\/\/www.sailingexperiencebcn.com\/?s={search_term_string}"},"query-input":"required name=search_term_string"}],"inLanguage":"de"}]}},"_links":{"self":[{"href":"https:\/\/www.sailingexperiencebcn.com\/de\/wp-json\/wp\/v2\/pages\/10924"}],"collection":[{"href":"https:\/\/www.sailingexperiencebcn.com\/de\/wp-json\/wp\/v2\/pages"}],"about":[{"href":"https:\/\/www.sailingexperiencebcn.com\/de\/wp-json\/wp\/v2\/types\/page"}],"author":[{"embeddable":true,"href":"https:\/\/www.sailingexperiencebcn.com\/de\/wp-json\/wp\/v2\/users\/1"}],"replies":[{"embeddable":true,"href":"https:\/\/www.sailingexperiencebcn.com\/de\/wp-json\/wp\/v2\/comments?post=10924"}],"version-history":[{"count":0,"href":"https:\/\/www.sailingexperiencebcn.com\/de\/wp-json\/wp\/v2\/pages\/10924\/revisions"}],"wp:attachment":[{"href":"https:\/\/www.sailingexperiencebcn.com\/de\/wp-json\/wp\/v2\/media?parent=10924"}],"curies":[{"name":"wp","href":"https:\/\/api.w.org\/{rel}","templated":true}]}}