{"id":6598,"date":"2017-03-18T16:49:44","date_gmt":"2017-03-18T15:49:44","guid":{"rendered":"http:\/\/www.sailingexperiencebcn.com\/privacite\/"},"modified":"2020-02-17T14:57:42","modified_gmt":"2020-02-17T13:57:42","slug":"privacite","status":"publish","type":"page","link":"https:\/\/www.sailingexperiencebcn.com\/fr\/privacite\/","title":{"rendered":"Privacit\u00e9"},"content":{"rendered":"<div class='flex_column av-av_one_full-2a9015ff38129c418a3f2eafba3e9512 av_one_full  avia-builder-el-0  avia-builder-el-no-sibling  first flex_column_div '     ><p>\n<style type=\"text\/css\" data-created_by=\"avia_inline_auto\" id=\"style-css-av-av_heading-a430d08ec9d4033b78898c1f8c5712dc\">\n#top .av-special-heading.av-av_heading-a430d08ec9d4033b78898c1f8c5712dc{\npadding-bottom:10px;\n}\nbody .av-special-heading.av-av_heading-a430d08ec9d4033b78898c1f8c5712dc .av-special-heading-tag .heading-char{\nfont-size:25px;\n}\n.av-special-heading.av-av_heading-a430d08ec9d4033b78898c1f8c5712dc .av-subheading{\nfont-size:15px;\n}\n<\/style>\n<div  class='av-special-heading av-av_heading-a430d08ec9d4033b78898c1f8c5712dc av-special-heading-h3  avia-builder-el-1  el_before_av_textblock  avia-builder-el-first '><h3 class='av-special-heading-tag'  itemprop=\"headline\"  >Privacy Statement<\/h3><div class=\"special-heading-border\"><div class=\"special-heading-inner-border\"><\/div><\/div><\/div><br \/>\n<section  class='av_textblock_section av-av_textblock-396ddf1f42196ca838231e61a4602801'  itemscope=\"itemscope\" itemtype=\"https:\/\/schema.org\/CreativeWork\" ><div class='avia_textblock'  itemprop=\"text\" ><p>Par le biais de cet avis, Bcn exp\u00e9rience voile (une marque de Maris Nova), avec inscrit adresse 08009 Barcelone, calle Girona no 67, 1\u00ba 2\u00aa B, informe les utilisateurs du site sur sa politique de protection des donn\u00e9es personnelles. 1. collecte des donn\u00e9es : conform\u00e9ment \u00e0 la Loi 15\/1999, du 13 d\u00e9cembre, de protection des donn\u00e9es \u00e0 caract\u00e8re personnel, sont inform\u00e9s que les donn\u00e9es personnelles demand\u00e9es dans nos formulaires, doivent figurer dans un fichier de donn\u00e9es \u00e0 caract\u00e8re personnel sous la responsabilit\u00e9 et le titulaire est exp\u00e9rience voile Bcn. m\u00eame, remplit l\u2019une des formes du haut avec les donn\u00e9es personnelles demand\u00e9es dedans et accepter votre envoi, express\u00e9ment autorise voile exp\u00e9rience Bcn \u00e0 essayer d\u2019incorporer dans le fichier automatis\u00e9 de votre propri\u00e9t\u00e9 de ces donn\u00e9es personnelles fournies dans le formulaire mentionn\u00e9, ainsi que toutes les donn\u00e9es g\u00e9n\u00e9r\u00e9es dans le cadre de leur participation et\/ou l\u2019utilisation des services offerts sur ce site. Dans le cas o\u00f9 les formes comprennent des donn\u00e9es \u00e0 caract\u00e8re personnel relatives \u00e0 des personnes autres que qui fait la demande, ce dernier informe ces personnes des \u00e9l\u00e9ments figurant dans ce document. Sauf disposition express\u00e9ment contraire, il est jug\u00e9 n\u00e9cessaire de compl\u00e9ter tous les champs de donn\u00e9es sur chacun des formulaires, et l\u2019utilisateur remplir les formulaires avec des donn\u00e9es v\u00e9ridiques, exactes, complets et \u00e0 jour. L\u2019utilisateur sera seul responsable de toute perte ou dommage, direct ou indirect, qui pourrait causer voile exp\u00e9rience Bcn ou toute tierce partie \u00e0 cause de la garniture dans les formes avec fausses, inexactes, incompl\u00e8tes ou non actualis\u00e9es. 2. objectif : l\u2019information fournie sera jamais utilis\u00e9e pour fins autres que celles puis est d\u00e9crite, est imm\u00e9diatement annul\u00e9 lorsqu\u2019ils ne sont plus n\u00e9cessaires \u00e0 cette fin. \u00c9tant le principal offert, le plaisir de service de location, sans et avec \u00e9quipage des bateaux et des services similaires, pour laquelle les donn\u00e9es \u00e0 caract\u00e8re personnel, sont demand\u00e9s par les diff\u00e9rentes formes vise la fourniture efficace de la plaisance et service de location de services similaires et compl\u00e9mentaires ; l\u2019Administration et l\u2019am\u00e9lioration des services qui voile exp\u00e9rience Bcn peut fournir \u00e0 l\u2019utilisateur ; l\u2019\u00e9tude de la nature des services fournis ; l\u2019\u00e9tude et la conception de nouveaux services dans les m\u00eames pr\u00e9f\u00e9rences, ainsi que l\u2019envoi d\u2019informations techniques, informatifs et tout autres Bcn d\u2019exp\u00e9rience voile envisager d\u2019int\u00e9r\u00eat. 3. s\u00e9curit\u00e9 : toutes les informations relatives aux donn\u00e9es \u00e0 caract\u00e8re personnel re\u00e7ues par l\u2019exp\u00e9rience de voile Bcn, est trait\u00e9e avec la plus grande confidentialit\u00e9, instance portant uniquement sur les communications strictement n\u00e9cessaires pour la fourniture du service et et\/ou int\u00e9ress\u00e9s par le client, ainsi que les communications et les cessions autoris\u00e9es par l\u2019utilisateur par le biais de cette politique de confidentialit\u00e9. Voile d\u2019exp\u00e9rience Bcn a adopt\u00e9 les niveaux de s\u00e9curit\u00e9 de protection des donn\u00e9es personnelles l\u00e9galement requises et a install\u00e9 tous les moyens et mesures techniques \u00e0 sa disposition pour emp\u00eacher la perte, la mauvaise utilisation, la modification et l\u2019acc\u00e8s non autoris\u00e9 aux donn\u00e9es personnelles fourni. 4. droit d\u2019acc\u00e8s : l\u2019utilisateur a le droit d\u2019acc\u00e9der aux informations concernant les fichiers vous recueillis de voile exp\u00e9rience Bcn, de rectifier ce soit mal, l\u2019annuler ou s\u2019opposer \u00e0 leur traitement par courrier \u00e9lectronique \u00e0 info@novamaris.es ou communication \u00e9crite et sign\u00e9e (joindre une copie du DNI) adress\u00e9e au responsable du dossier, c&rsquo;est-\u00e0-dire voile exp\u00e9rience Bcn soci\u00e9t\u00e9, avec si\u00e8ge social \u00e0 08009 Barcelone, calle Girona \u00b0 67, 1\u00ba 2\u00aa B. 5. transfert : l\u2019utilisateur accepte que vos donn\u00e9es transmises exclusivement pour les finalit\u00e9s d\u00e9crites ci-dessus, \u00e0 d\u2019autres soci\u00e9t\u00e9s du groupe qui pourrait appartenir \u00e0 voile exp\u00e9rience Bcn, aux soci\u00e9t\u00e9s affili\u00e9es ou partenaires. L\u2019acceptation de l\u2019utilisateur afin qu\u2019ils peuvent \u00eatre trait\u00e9s ou transf\u00e9rer vos donn\u00e9es en la forme \u00e9tablie dans ce paragraphe, a toujours r\u00e9vocable, sans effets r\u00e9troactifs, conform\u00e9ment \u00e0 ce qui ont des articles 6 et 11 de la loi organique 15\/1999 du 13 d\u00e9cembre. 6. cookies : Voile exp\u00e9rience Bcn communique aux utilisateurs, par le biais de cet avis, que le site et son gestionnaire de contenu (WordPress), des th\u00e8mes, des plugins et autres applications tierces utilisent des cookies lorsque l\u2019utilisateur navigue \u00e0 travers les diff\u00e9rents \u00e9crans et pages du site. Les cookies utilis\u00e9s par voile exp\u00e9rience Bcn sont stock\u00e9s sur le disque dur de l\u2019utilisateur, mais ne peuvent pas lire les donn\u00e9es qu\u2019il contient ou de lire les fichiers de cookies cr\u00e9\u00e9s par d\u2019autres fournisseurs. Toutefois, l\u2019utilisateur peut emp\u00eacher la g\u00e9n\u00e9ration de cookies \u00e0 l\u2019aide de l\u2019option appropri\u00e9e qui a son programme de navigateur. Bcn exp\u00e9rience voile utilise des cookies afin de reconna\u00eetre les utilisateurs qui se sont inscrits et d\u2019offrir un meilleur service et plus personnalis\u00e9. Sont \u00e9galement utilis\u00e9s pour obtenir des informations sur la date et l\u2019heure de la derni\u00e8re visite de l\u2019utilisateur, certains param\u00e8tres de trafic au sein du site de mesure et d\u2019estimer le nombre de visites, donc Nova Maris peuvent se concentrer et ajuster les services et promotions plus efficacement. 7. modification de la pr\u00e9sente politique de confidentialit\u00e9 : Nova Maris se r\u00e9serve le droit de modifier sa politique de protection des donn\u00e9es selon vos crit\u00e8res ou en raison de changements dans la l\u00e9gislation, la jurisprudence ou dans la pratique de l\u2019entreprise. Si Sailing Experience BCN introduire une modification, le nouveau texte sera publi\u00e9 sur ce m\u00eame site, o\u00f9 l\u2019utilisateur pourrait avoir connaissance de la politique de protection des donn\u00e9es. Dans tous les cas, la relation avec les utilisateurs sera r\u00e9gie par les r\u00e8gles fix\u00e9es \u00e0 l\u2019instant m\u00eame dans lesquelles l\u2019acc\u00e8s au site.<\/p>\n<\/div><\/section><\/p><\/div>\n","protected":false},"excerpt":{"rendered":"","protected":false},"author":1,"featured_media":0,"parent":0,"menu_order":0,"comment_status":"closed","ping_status":"closed","template":"","meta":{"_acf_changed":false,"content-type":"","footnotes":""},"acf":[],"yoast_head":"<!-- This site is optimized with the Yoast SEO plugin v22.3 - https:\/\/yoast.com\/wordpress\/plugins\/seo\/ -->\n<title>Privacit\u00e9 - Sailing Experience Bcn<\/title>\n<meta name=\"robots\" content=\"index, follow, max-snippet:-1, max-image-preview:large, max-video-preview:-1\" \/>\n<link rel=\"canonical\" href=\"https:\/\/www.sailingexperiencebcn.com\/fr\/privacite\/\" \/>\n<meta property=\"og:locale\" content=\"fr_FR\" \/>\n<meta property=\"og:type\" content=\"article\" \/>\n<meta property=\"og:title\" content=\"Privacit\u00e9 - Sailing Experience Bcn\" \/>\n<meta property=\"og:url\" content=\"https:\/\/www.sailingexperiencebcn.com\/fr\/privacite\/\" \/>\n<meta property=\"og:site_name\" content=\"Sailing Experience Bcn\" \/>\n<meta property=\"article:publisher\" content=\"https:\/\/www.facebook.com\/pages\/Sailing-Experience-Barcelona\/1578953542316555\" \/>\n<meta property=\"article:modified_time\" content=\"2020-02-17T13:57:42+00:00\" \/>\n<meta name=\"twitter:card\" content=\"summary_large_image\" \/>\n<meta name=\"twitter:label1\" content=\"Dur\u00e9e de lecture estim\u00e9e\" \/>\n\t<meta name=\"twitter:data1\" content=\"5 minutes\" \/>\n<script type=\"application\/ld+json\" class=\"yoast-schema-graph\">{\"@context\":\"https:\/\/schema.org\",\"@graph\":[{\"@type\":\"WebPage\",\"@id\":\"https:\/\/www.sailingexperiencebcn.com\/fr\/privacite\/\",\"url\":\"https:\/\/www.sailingexperiencebcn.com\/fr\/privacite\/\",\"name\":\"Privacit\u00e9 - Sailing Experience Bcn\",\"isPartOf\":{\"@id\":\"https:\/\/www.sailingexperiencebcn.com\/#website\"},\"datePublished\":\"2017-03-18T15:49:44+00:00\",\"dateModified\":\"2020-02-17T13:57:42+00:00\",\"inLanguage\":\"fr-FR\",\"potentialAction\":[{\"@type\":\"ReadAction\",\"target\":[\"https:\/\/www.sailingexperiencebcn.com\/fr\/privacite\/\"]}]},{\"@type\":\"WebSite\",\"@id\":\"https:\/\/www.sailingexperiencebcn.com\/#website\",\"url\":\"https:\/\/www.sailingexperiencebcn.com\/\",\"name\":\"Sailing Experience Bcn\",\"description\":\"The Authentic Mediterranean Way of Life!\",\"potentialAction\":[{\"@type\":\"SearchAction\",\"target\":{\"@type\":\"EntryPoint\",\"urlTemplate\":\"https:\/\/www.sailingexperiencebcn.com\/?s={search_term_string}\"},\"query-input\":\"required name=search_term_string\"}],\"inLanguage\":\"fr-FR\"}]}<\/script>\n<!-- \/ Yoast SEO plugin. -->","yoast_head_json":{"title":"Privacit\u00e9 - Sailing Experience Bcn","robots":{"index":"index","follow":"follow","max-snippet":"max-snippet:-1","max-image-preview":"max-image-preview:large","max-video-preview":"max-video-preview:-1"},"canonical":"https:\/\/www.sailingexperiencebcn.com\/fr\/privacite\/","og_locale":"fr_FR","og_type":"article","og_title":"Privacit\u00e9 - Sailing Experience Bcn","og_url":"https:\/\/www.sailingexperiencebcn.com\/fr\/privacite\/","og_site_name":"Sailing Experience Bcn","article_publisher":"https:\/\/www.facebook.com\/pages\/Sailing-Experience-Barcelona\/1578953542316555","article_modified_time":"2020-02-17T13:57:42+00:00","twitter_card":"summary_large_image","twitter_misc":{"Dur\u00e9e de lecture estim\u00e9e":"5 minutes"},"schema":{"@context":"https:\/\/schema.org","@graph":[{"@type":"WebPage","@id":"https:\/\/www.sailingexperiencebcn.com\/fr\/privacite\/","url":"https:\/\/www.sailingexperiencebcn.com\/fr\/privacite\/","name":"Privacit\u00e9 - Sailing Experience Bcn","isPartOf":{"@id":"https:\/\/www.sailingexperiencebcn.com\/#website"},"datePublished":"2017-03-18T15:49:44+00:00","dateModified":"2020-02-17T13:57:42+00:00","inLanguage":"fr-FR","potentialAction":[{"@type":"ReadAction","target":["https:\/\/www.sailingexperiencebcn.com\/fr\/privacite\/"]}]},{"@type":"WebSite","@id":"https:\/\/www.sailingexperiencebcn.com\/#website","url":"https:\/\/www.sailingexperiencebcn.com\/","name":"Sailing Experience Bcn","description":"The Authentic Mediterranean Way of Life!","potentialAction":[{"@type":"SearchAction","target":{"@type":"EntryPoint","urlTemplate":"https:\/\/www.sailingexperiencebcn.com\/?s={search_term_string}"},"query-input":"required name=search_term_string"}],"inLanguage":"fr-FR"}]}},"_links":{"self":[{"href":"https:\/\/www.sailingexperiencebcn.com\/fr\/wp-json\/wp\/v2\/pages\/6598"}],"collection":[{"href":"https:\/\/www.sailingexperiencebcn.com\/fr\/wp-json\/wp\/v2\/pages"}],"about":[{"href":"https:\/\/www.sailingexperiencebcn.com\/fr\/wp-json\/wp\/v2\/types\/page"}],"author":[{"embeddable":true,"href":"https:\/\/www.sailingexperiencebcn.com\/fr\/wp-json\/wp\/v2\/users\/1"}],"replies":[{"embeddable":true,"href":"https:\/\/www.sailingexperiencebcn.com\/fr\/wp-json\/wp\/v2\/comments?post=6598"}],"version-history":[{"count":0,"href":"https:\/\/www.sailingexperiencebcn.com\/fr\/wp-json\/wp\/v2\/pages\/6598\/revisions"}],"wp:attachment":[{"href":"https:\/\/www.sailingexperiencebcn.com\/fr\/wp-json\/wp\/v2\/media?parent=6598"}],"curies":[{"name":"wp","href":"https:\/\/api.w.org\/{rel}","templated":true}]}}